{"id":2273,"date":"2021-08-26T07:59:58","date_gmt":"2021-08-26T05:59:58","guid":{"rendered":"https:\/\/www.vm-int.de\/?page_id=2273"},"modified":"2021-08-26T09:45:26","modified_gmt":"2021-08-26T07:45:26","slug":"patenschaft-test","status":"publish","type":"page","link":"https:\/\/vm-international.de\/en\/patenschaft-test\/","title":{"rendered":"Patenschaft Test"},"content":{"rendered":"<div class=\"wpb-content-wrapper\"><div class=\"vc_row element-row row highend_69fcc5536fc97\"><div class=\"wpb_column vc_column_container vc_col-sm-12\"><div class=\"vc_column-inner\"><div class=\"wpb_wrapper\">\n\t<div class=\"wpb_text_column wpb_content_element\" >\n\t\t<div class=\"wpb_wrapper\">\n\t\t\t<h1 style=\"text-align: center;\"><span style=\"color: #980b11;\">Giving children in Brazil a future<\/span><\/h1>\n\n\t\t<\/div>\n\t<\/div>\n<\/div><\/div><\/div><\/div><div class=\"vc_row element-row row vc_custom_1558355655261 highend_vc_custom_1558355655261\"><div class=\"wpb_column vc_column_container vc_col-sm-6\"><div class=\"vc_column-inner vc_custom_1558355938246\"><div class=\"wpb_wrapper\">\n\t<div class=\"wpb_text_column wpb_content_element\" >\n\t\t<div class=\"wpb_wrapper\">\n\t\t\t<h2 style=\"text-align: left;\">For this sponsorship project, we offer two ways to provide support.<\/h2>\n\n\t\t<\/div>\n\t<\/div>\n\n\t<div class=\"wpb_text_column wpb_content_element vc_custom_1566774641720\" >\n\t\t<div class=\"wpb_wrapper\">\n\t\t\t<div class=\"wpb_text_column wpb_content_element vc_custom_1536134706704\">\n<div class=\"wpb_wrapper\">\n<h3><b>1. Child Sponsorship<\/b><\/h3>\n<p>This means providing regular financial support to a child in the chosen project, ensuring that they are well cared for and supported according to their developmental needs. Sponsors receive informational letters from the project twice a year.<\/p>\n<\/div>\n<\/div>\n\n\t\t<\/div>\n\t<\/div>\n\n\t<div class=\"wpb_text_column wpb_content_element\" >\n\t\t<div class=\"wpb_wrapper\">\n\t\t\t<div class=\"wpb_text_column wpb_content_element vc_custom_1536134706704\">\n<div class=\"wpb_wrapper\">\n<h3><b>2. Project Sponsorship<\/b><\/h3>\n<\/div>\n<\/div>\n<div class=\"wpb_text_column wpb_content_element\">\n<div class=\"wpb_wrapper\">\n<p>This means contributing regularly, at any amount you choose, to support the chosen sponsorship project as a whole. This helps cover general project costs, such as staff and household expenses, as well as additional costs like special activities, major purchases, or social assistance in emergency situations. Sponsors receive informational letters from the project twice a year.<\/p>\n<\/div>\n<\/div>\n\n\t\t<\/div>\n\t<\/div>\n<\/div><\/div><\/div><div class=\"schatten wpb_column vc_column_container vc_col-sm-6 vc_col-has-fill\"><div class=\"vc_column-inner vc_custom_1558355698667\"><div class=\"wpb_wrapper\">\n\t<div class=\"wpb_text_column wpb_content_element\" >\n\t\t<div class=\"wpb_wrapper\">\n\t\t\t<h1 style=\"text-align: center;\"><span style=\"color: #980b11;\">I\u2019m in!<\/span><\/h1>\n<p style=\"text-align: center;\">Become a sponsor in just 3 steps<\/p>\n\n\t\t<\/div>\n\t<\/div>\n\n\t<div class=\"wpb_raw_code wpb_raw_html wpb_content_element\" >\n\t\t<div class=\"wpb_wrapper\">\n\t\t\t<form method=\"POST\" action=\"\">\n<strong>I will take on the sponsorship for\u2026<\/strong><br>\n<!-- \nDie drei Hidden-Inputs m\u00fcssen f\u00fcr jedes Projekt angepasst werden.\nKinderpatenschaft und Projektpatenschaft sind die Projekt-ID aus der Fundraisingbox.\n-->\n\n\t\t\t<input id=\"projektNr\" type=\"hidden\" name=\"projekt\" value=\"221-Brasilien\">\n\t\t\t<input id=\"kinderpatenschaft\" type=\"hidden\" name=\"kinderpatenschaft\" value=\"22715\">\n\t\t\t<input id=\"projektpatenschaft\" type=\"hidden\" name=\"projektpatenschaft\" value=\"22717\">\n\n           <input type=\"radio\" id=\"kind\" name=\"patenschaft\" value=\"1\"> a child<br>\n           <input type=\"radio\" id=\"pate\" name=\"patenschaft\" value=\"2\"> the project<br><br>\n<div id=\"geschlecht\">\n           <strong>I would like to (only for child sponsorships)<\/strong><br>\n     \t   <input type=\"radio\" name=\"kind\" value=\"1\"> support a girl<br>\n           <input type=\"radio\" name=\"kind\" value=\"2\"> support a boy<br><br>\n<\/div>\n<strong>I would like to donate via <\/strong><br>\n           <input  type=\"radio\" name=\"zahlung\" value=\"1\"> SEPA direct debit <br>\n           <input  type=\"radio\" name=\"zahlung\" value=\"2\"> Recurring bank transfer<br><br>\n           \n           <div class=\"alert\" style=\"color: #980b11; margin-bottom: 30px;\" id=\"errorPaten\"> <\/div>\n     <input type=\"hidden\" name=\"trp-form-language\" value=\"en\"\/><\/form>      \n<button class=\"hb-button hb-default-button no-three-d\" id=\"senden\" style=\"background-color: #980b11;\"> send <\/button>\n\n\t\t<\/div>\n\t<\/div>\n\n\t<div class=\"wpb_text_column wpb_content_element\" >\n\t\t<div class=\"wpb_wrapper\">\n\t\t\t<script type='text\/javascript'>\nvar id = \"2278\";<\/script>\n<script type='text\/javascript' src='https:\/\/vm-international.de\/wp-content\/uploads\/winp-css-js\/2278.js?ver=1629969584'><\/script>\n\n\n\t\t<\/div>\n\t<\/div>\n<\/div><\/div><\/div><\/div><div class=\"vc_row element-row row highend_69fcc55371178\"><div class=\"wpb_column vc_column_container vc_col-sm-12\"><div class=\"vc_column-inner\"><div class=\"wpb_wrapper\"><div class=\"vc_row element-row vc_inner row\"><div class=\"wpb_column vc_column_container vc_col-sm-12\"><div class=\"vc_column-inner\"><div class=\"wpb_wrapper\">\n\t<div class=\"wpb_text_column wpb_content_element\" >\n\t\t<div class=\"wpb_wrapper\">\n\t\t\t<p style=\"text-align: center;\"><span style=\"color: #808080;\">*For data protection reasons, the names have been changed<\/span><\/p>\n\n\t\t<\/div>\n\t<\/div>\n<\/div><\/div><\/div><\/div><\/div><\/div><\/div><\/div>\n<\/div>","protected":false},"excerpt":{"rendered":"Kindern in Brasilien eine Zukunft geben Wir bieten f\u00fcr dieses Patenschaftsprojekt zwei M\u00f6glichkeiten der Unterst\u00fctzung an. 1. Kinderpatenschaft Das bedeutet, [...]","protected":false},"author":1,"featured_media":0,"parent":0,"menu_order":0,"comment_status":"closed","ping_status":"closed","template":"","meta":{"footnotes":""},"class_list":["post-2273","page","type-page","status-publish","hentry"],"_links":{"self":[{"href":"https:\/\/vm-international.de\/en\/wp-json\/wp\/v2\/pages\/2273","targetHints":{"allow":["GET"]}}],"collection":[{"href":"https:\/\/vm-international.de\/en\/wp-json\/wp\/v2\/pages"}],"about":[{"href":"https:\/\/vm-international.de\/en\/wp-json\/wp\/v2\/types\/page"}],"author":[{"embeddable":true,"href":"https:\/\/vm-international.de\/en\/wp-json\/wp\/v2\/users\/1"}],"replies":[{"embeddable":true,"href":"https:\/\/vm-international.de\/en\/wp-json\/wp\/v2\/comments?post=2273"}],"version-history":[{"count":21,"href":"https:\/\/vm-international.de\/en\/wp-json\/wp\/v2\/pages\/2273\/revisions"}],"predecessor-version":[{"id":2336,"href":"https:\/\/vm-international.de\/en\/wp-json\/wp\/v2\/pages\/2273\/revisions\/2336"}],"wp:attachment":[{"href":"https:\/\/vm-international.de\/en\/wp-json\/wp\/v2\/media?parent=2273"}],"curies":[{"name":"wp","href":"https:\/\/api.w.org\/{rel}","templated":true}]}}