{"id":2208,"date":"2021-07-08T07:45:30","date_gmt":"2021-07-08T05:45:30","guid":{"rendered":"https:\/\/www.vm-int.de\/?page_id=2208"},"modified":"2021-07-08T07:48:37","modified_gmt":"2021-07-08T05:48:37","slug":"newsletter-abgemeldet","status":"publish","type":"page","link":"https:\/\/vm-international.de\/en\/newsletter-abgemeldet\/","title":{"rendered":"Newsletter abgemeldet"},"content":{"rendered":"<div class=\"wpb-content-wrapper\"><div class=\"vc_row element-row row vc_custom_1555570924897 highend_vc_custom_1555570924897\"><div class=\"wpb_column vc_column_container vc_col-sm-12\"><div class=\"vc_column-inner\"><div class=\"wpb_wrapper\"><\/div><\/div><\/div><\/div><div class=\"vc_row element-row row highend_69f5113b855e5\"><div class=\"wpb_column vc_column_container vc_col-sm-12\"><div class=\"vc_column-inner\"><div class=\"wpb_wrapper\">\n\t<div class=\"wpb_text_column wpb_content_element\" >\n\t\t<div class=\"wpb_wrapper\">\n\t\t\t<h2 style=\"text-align: center;\"><span style=\"color: #980b11;\">Schade, dass du uns verl\u00e4sst.<\/span><\/h2>\n<p style=\"text-align: center;\">Schade, dass du uns verl\u00e4sst. Wir w\u00fcnschen dir Gottes Segen f\u00fcr deinen weiteren Lebensweg.<br \/>\nFalls du es dir anders \u00fcberlegen solltest kannst du dich jederzeit wieder f\u00fcr unseren Newsletter anmelden.<\/p>\n<p style=\"text-align: center;\"><a href=\"https:\/\/www.vm-int.de\/newsletter\" class=\"hb-button hb-pomegranate hb-large-button no-three-d\" target=\"_self\" style=\"-webkit-border-radius: 2px;-moz-border-radius: 2px;border-radius: 2px;\">Newsletter anmelden<\/a><\/p>\n\n\t\t<\/div>\n\t<\/div>\n<\/div><\/div><\/div><\/div>\n<\/div>","protected":false},"excerpt":{"rendered":"Schade, dass du uns verl\u00e4sst. Schade, dass du uns verl\u00e4sst. Wir w\u00fcnschen dir Gottes Segen f\u00fcr deinen weiteren Lebensweg. Falls [...]","protected":false},"author":1,"featured_media":0,"parent":0,"menu_order":0,"comment_status":"closed","ping_status":"closed","template":"","meta":{"footnotes":""},"class_list":["post-2208","page","type-page","status-publish","hentry"],"_links":{"self":[{"href":"https:\/\/vm-international.de\/en\/wp-json\/wp\/v2\/pages\/2208","targetHints":{"allow":["GET"]}}],"collection":[{"href":"https:\/\/vm-international.de\/en\/wp-json\/wp\/v2\/pages"}],"about":[{"href":"https:\/\/vm-international.de\/en\/wp-json\/wp\/v2\/types\/page"}],"author":[{"embeddable":true,"href":"https:\/\/vm-international.de\/en\/wp-json\/wp\/v2\/users\/1"}],"replies":[{"embeddable":true,"href":"https:\/\/vm-international.de\/en\/wp-json\/wp\/v2\/comments?post=2208"}],"version-history":[{"count":4,"href":"https:\/\/vm-international.de\/en\/wp-json\/wp\/v2\/pages\/2208\/revisions"}],"predecessor-version":[{"id":2212,"href":"https:\/\/vm-international.de\/en\/wp-json\/wp\/v2\/pages\/2208\/revisions\/2212"}],"wp:attachment":[{"href":"https:\/\/vm-international.de\/en\/wp-json\/wp\/v2\/media?parent=2208"}],"curies":[{"name":"wp","href":"https:\/\/api.w.org\/{rel}","templated":true}]}}