{"id":2174,"date":"2021-06-24T08:41:51","date_gmt":"2021-06-24T06:41:51","guid":{"rendered":"https:\/\/www.vm-int.de\/?page_id=2174"},"modified":"2025-10-20T15:32:36","modified_gmt":"2025-10-20T13:32:36","slug":"bankverbindungen","status":"publish","type":"page","link":"https:\/\/vm-international.de\/en\/bankverbindungen\/","title":{"rendered":"Giving accounts"},"content":{"rendered":"<div class=\"wpb-content-wrapper\"><div class=\"vc_row element-row row highend_69f73afd9993c\"><div class=\"wpb_column vc_column_container vc_col-sm-12\"><div class=\"vc_column-inner\"><div class=\"wpb_wrapper\">\n\t<div class=\"wpb_text_column wpb_content_element\" >\n\t\t<div class=\"wpb_wrapper\">\n\t\t\t<p><a href=\"https:\/\/vm-international.de\/en\/bankingnews\/\"><img loading=\"lazy\" decoding=\"async\" class=\"alignleft size-full wp-image-3785\" src=\"https:\/\/vm-international.de\/wp-content\/uploads\/2025\/10\/Banner-Home-Sepa.jpg\" alt=\"\" width=\"1536\" height=\"800\" srcset=\"https:\/\/vm-international.de\/wp-content\/uploads\/2025\/10\/Banner-Home-Sepa.jpg 1536w, https:\/\/vm-international.de\/wp-content\/uploads\/2025\/10\/Banner-Home-Sepa-300x156.jpg 300w, https:\/\/vm-international.de\/wp-content\/uploads\/2025\/10\/Banner-Home-Sepa-1024x533.jpg 1024w, https:\/\/vm-international.de\/wp-content\/uploads\/2025\/10\/Banner-Home-Sepa-768x400.jpg 768w\" sizes=\"auto, (max-width: 1536px) 100vw, 1536px\" \/><\/a><\/p>\n\n\t\t<\/div>\n\t<\/div>\n\n\t<div class=\"wpb_text_column wpb_content_element\" >\n\t\t<div class=\"wpb_wrapper\">\n\t\t\t<h1><span style=\"color: #980b11;\"><strong>Donation Accounts:<\/strong><\/span><\/h1>\n\n\t\t<\/div>\n\t<\/div>\n<div class=\"vc_row element-row vc_inner row\"><div class=\"wpb_column vc_column_container vc_col-sm-6\"><div class=\"vc_column-inner\"><div class=\"wpb_wrapper\">\n\t<div class=\"wpb_text_column wpb_content_element vc_custom_1760961050070 schatten\" >\n\t\t<div class=\"wpb_wrapper\">\n\t\t\t<div class=\"wpb_text_column wpb_content_element\">\n<div class=\"wpb_wrapper\">\n<div class=\"wpb_text_column wpb_content_element\">\n<div class=\"wpb_wrapper\">\n<p><em>VM-International e.V.<\/em><br \/>\nRecipient: <strong>VM-International e.V.<\/strong><br \/>\nIBAN: <strong>DE85 3702 0500 0001 3599 00<\/strong><br \/>\nSozialBank AG<br \/>\nBIC: BFSWDE33XXX<\/p>\n<p><em>BFP VM-International Kd\u00f6R<\/em><br \/>\nRecipient: <strong>Bund Freikirchlicher Pfingstgemeinden Kd\u00f6R<\/strong><br \/>\nIBAN: <strong>DE93 3702 0500 0004 0129 00<\/strong><br \/>\nSozialBank AG<br \/>\nBIC: BFSWDE33XXX<\/p>\n<p><em>F\u00f6rder-Stiftung VM-International<\/em><br \/>\nRecipient: <strong>Bund Freikirchlicher Pfingstgemeinden Kd\u00f6R<\/strong><br \/>\nIBAN: <strong>DE34 3702 0500 0004 2811 00<\/strong><br \/>\nSozialBank AG<br \/>\nBIC: BFSWDE33XXX<\/p>\n<\/div>\n<\/div>\n<\/div>\n<\/div>\n\n\t\t<\/div>\n\t<\/div>\n<\/div><\/div><\/div><div class=\"wpb_column vc_column_container vc_col-sm-6\"><div class=\"vc_column-inner\"><div class=\"wpb_wrapper\">\n\t<div class=\"wpb_text_column wpb_content_element vc_custom_1642053936616 schatten\" >\n\t\t<div class=\"wpb_wrapper\">\n\t\t\t<div class=\"wpb_text_column wpb_content_element\">\n<div class=\"wpb_wrapper\">\n<div class=\"wpb_text_column wpb_content_element\">\n<div class=\"wpb_wrapper\">\n<h4><span style=\"color: #980b11;\">We are glad that you want to support our work.<\/span><\/h4>\n<p>With your donation, you help share God\u2019s love in word and deed and support sending staff around the world to assist people in their social, emotional, and spiritual needs, guiding them into a personal relationship with God.<br \/>\nGerne d\u00fcrfen Sie direkt auf eines unserer genannten Spendenkonten \u00fcberweisen oder Sie nutzen die M\u00f6glichkeit durch anklicken des Buttons online zu spenden.<\/p>\n<p style=\"text-align: left;\"><strong><span style=\"color: #980b11;\">If you have any questions, we are happy to assist you! <\/span><\/strong><strong><span style=\"color: #980b11;\">Phone: 0049-2051-951717<\/span><\/strong><\/p>\n<p style=\"text-align: left;\"><a href=\"https:\/\/www.vm-int.de\/kontakt\" class=\"hb-button hb-default hb-small-button no-three-d\" target=\"_self\" style=\"-webkit-border-radius: 2px;-moz-border-radius: 2px;border-radius: 2px;\">CONTACT<\/a><a href=\"https:\/\/www.vm-int.de\/online-spenden\" class=\"hb-button hb-default hb-small-button no-three-d\" target=\"_self\" style=\"-webkit-border-radius: 2px;-moz-border-radius: 2px;border-radius: 2px;\">Donate Online<\/a>\n<\/div>\n<\/div>\n<\/div>\n<\/div>\n\n\t\t<\/div>\n\t<\/div>\n<\/div><\/div><\/div><\/div><\/div><\/div><\/div><\/div><div class=\"vc_row element-row row schatten vc_custom_1624518036936 vc_row-has-fill highend_vc_custom_1624518036936\"><div class=\"wpb_column vc_column_container vc_col-sm-12\"><div class=\"vc_column-inner\"><div class=\"wpb_wrapper\"><div class=\"vc_row element-row vc_inner row\"><div class=\"wpb_column vc_column_container vc_col-sm-12\"><div class=\"vc_column-inner\"><div class=\"wpb_wrapper\">\n\t<div class=\"wpb_text_column wpb_content_element\" >\n\t\t<div class=\"wpb_wrapper\">\n\t\t\t<h4><strong><span style=\"color: #980b11;\">Information on Donations and Donation Receipts<\/span><\/strong><\/h4>\n<p>The work of the BFP branch VM-International Kd\u00f6R, the VM-International e.V., and the VM-International Support Foundation is recognized as tax-advantaged. Donations are used in accordance with the statutes for the designated purpose, or, if the project is sufficiently funded, for a similar statutory purpose. A donation receipt for contributions received during the current calendar year will be sent automatically at the beginning of the following year.<br \/>\n<b>Since 2025, consolidated donation receipts can also be sent by email. If you would like to use this option, please click <a href=\"https:\/\/vm-international.de\/en\/tools\/kontaktdaten\/sammelbescheinigung\/\"><u>here<\/u><\/a>.<\/b><\/p>\n\n\t\t<\/div>\n\t<\/div>\n<\/div><\/div><\/div><\/div><\/div><\/div><\/div><\/div>\n<\/div>","protected":false},"excerpt":{"rendered":"Spendenkonten: VM-International e.V. Zahlungsempf\u00e4nger: VM-International e.V. IBAN: DE85 3702 0500 0001 3599 00 SozialBank AG BIC: BFSWDE33XXX BFP VM-International Kd\u00f6R [...]","protected":false},"author":1,"featured_media":1259,"parent":0,"menu_order":0,"comment_status":"closed","ping_status":"closed","template":"","meta":{"footnotes":""},"class_list":["post-2174","page","type-page","status-publish","has-post-thumbnail","hentry"],"_links":{"self":[{"href":"https:\/\/vm-international.de\/en\/wp-json\/wp\/v2\/pages\/2174","targetHints":{"allow":["GET"]}}],"collection":[{"href":"https:\/\/vm-international.de\/en\/wp-json\/wp\/v2\/pages"}],"about":[{"href":"https:\/\/vm-international.de\/en\/wp-json\/wp\/v2\/types\/page"}],"author":[{"embeddable":true,"href":"https:\/\/vm-international.de\/en\/wp-json\/wp\/v2\/users\/1"}],"replies":[{"embeddable":true,"href":"https:\/\/vm-international.de\/en\/wp-json\/wp\/v2\/comments?post=2174"}],"version-history":[{"count":58,"href":"https:\/\/vm-international.de\/en\/wp-json\/wp\/v2\/pages\/2174\/revisions"}],"predecessor-version":[{"id":3790,"href":"https:\/\/vm-international.de\/en\/wp-json\/wp\/v2\/pages\/2174\/revisions\/3790"}],"wp:featuredmedia":[{"embeddable":true,"href":"https:\/\/vm-international.de\/en\/wp-json\/wp\/v2\/media\/1259"}],"wp:attachment":[{"href":"https:\/\/vm-international.de\/en\/wp-json\/wp\/v2\/media?parent=2174"}],"curies":[{"name":"wp","href":"https:\/\/api.w.org\/{rel}","templated":true}]}}